{"id":15,"date":"2013-02-19T14:07:02","date_gmt":"2013-02-19T12:07:02","guid":{"rendered":"https:\/\/www.webcam-ost.de\/?page_id=15"},"modified":"2013-06-05T04:11:32","modified_gmt":"2013-06-05T02:11:32","slug":"uber-uns","status":"publish","type":"page","link":"https:\/\/www.webcam-ost.de\/?page_id=15","title":{"rendered":"Unser Angebot!"},"content":{"rendered":"<h1><b>Was bieten wir Dir oder besser gesagt,\u00a0<\/b><b>was macht unser Webcam-Studio?<\/b><\/h1>\n<h2>Die Idee ist einfach wie genial!<\/h2>\n<p>Mit mehr als 9 Jahren Erfahrung im Erotik-Bereich kommt nun das Projekt Webcam-Ost zustande.<\/p>\n<p>Mehrere erfahrene Personen haben sich dazu entschlossen dieses Projekt zu verwirklichen und Dir unsere Erfahrungen zugute kommen zu lassen.<\/p>\n<p>Webcam-Ost stellt Dir einen hochmodernen eigenen Arbeitsplatz mit\u00a0einem\u00a0Computer und einer\u00a0Kamera zur Verf\u00fcgung.<\/p>\n<p>Diesen Arbeitsplatz binden wir in unser Highspeed Netzwerk und Internet ein.<\/p>\n<p>Wir \u00fcbernehmen f\u00fcr Dich die komplette Profilpflege, damit Du Dich voll und ganz auf Deine eigentliche Arbeit konzentrieren kannst,\u00a0dem erotischen Darbieten bzw. erotischem LiveChat im Internet.<\/p>\n<p>Als n\u00e4chstes verpackst Du Dich in sexy Unterw\u00e4sche und schon kann es losgehen!<\/p>\n<p>Vor der Kamera kannst Du Deine Phantasien und die Phantasien Deiner &#8222;User&#8220; (Kunden) voll und ganz &#8211; wie es Dir beliebt &#8211; ausleben.<\/p>\n<p>Dabei wird selbstverst\u00e4ndlich Deine Anonymit\u00e4t gewahrt.<\/p>\n<h2>Die Aufgaben des Studios<\/h2>\n<p>Webcam-Ost hat nat\u00fcrlich einen viel gr\u00f6\u00dferen Aufwand im Hintergrund.<\/p>\n<p>Wir erstellen f\u00fcr Dich bei unseren weltweiten Internetplattformpartnern und auf unseren eigenen Seiten Deine Profile, um f\u00fcr Dich den h\u00f6chstm\u00f6glichen Umsatz zu erwirtschaften.<\/p>\n<p>Dazu geh\u00f6rt nat\u00fcrlich auch die Profilpflege wie:<\/p>\n<ul>\n<li>Videos bearbeiten und hochladen<\/li>\n<li>Fotos bearbeiten und hochladen<\/li>\n<li>Texte verfassen<\/li>\n<li>kostenlose Fotoshootings<\/li>\n<li>etc. pp.<\/li>\n<\/ul>\n<p>Webcam-Ost \u00fcbernimmt f\u00fcr Dich das Komplettmarketing und<\/p>\n<ul>\n<li>pr\u00e4sentiert Dich auf dem Erotik-Markt<\/li>\n<li>vermarktet und promotet Dich auf dem Erotik-Markt<\/li>\n<li>coacht Dich F\u00dcR den Erotik-Markt<\/li>\n<\/ul>\n<p>zu einem professionellen Webcam-Girl oder zu einem professionellen Amateurpornostar!<\/p>\n<p>Wir arbeiten mit den gro\u00dfen und f\u00fcr die gro\u00dfen TV-Sender und Erotikinternetplattformen, um Dich erfolgreich zu vermarkten.<\/p>\n<p>Wir erstellen f\u00fcr Dich Setcards, Fotos und Videos, um DICH in dem ganz besonderen LICHT erstrahlen zu lassen.<\/p>\n<h3>Bis hierhin entstehen f\u00fcr Dich keine Kosten!<\/h3>\n","protected":false},"excerpt":{"rendered":"<p>Was bieten wir Dir oder besser gesagt,\u00a0was macht unser Webcam-Studio? Die Idee ist einfach wie genial! Mit mehr als 9 Jahren Erfahrung im Erotik-Bereich kommt nun das Projekt Webcam-Ost zustande. Mehrere erfahrene Personen haben sich dazu entschlossen dieses Projekt zu verwirklichen und Dir unsere Erfahrungen zugute kommen zu lassen. Webcam-Ost stellt Dir einen hochmodernen eigenen&#8230;<\/p>\n","protected":false},"author":2,"featured_media":0,"parent":0,"menu_order":1,"comment_status":"closed","ping_status":"closed","template":"dt-page-fullwidth.php","meta":{"spay_email":"","_links_to":"","_links_to_target":""},"_links":{"self":[{"href":"https:\/\/www.webcam-ost.de\/index.php?rest_route=\/wp\/v2\/pages\/15"}],"collection":[{"href":"https:\/\/www.webcam-ost.de\/index.php?rest_route=\/wp\/v2\/pages"}],"about":[{"href":"https:\/\/www.webcam-ost.de\/index.php?rest_route=\/wp\/v2\/types\/page"}],"author":[{"embeddable":true,"href":"https:\/\/www.webcam-ost.de\/index.php?rest_route=\/wp\/v2\/users\/2"}],"replies":[{"embeddable":true,"href":"https:\/\/www.webcam-ost.de\/index.php?rest_route=%2Fwp%2Fv2%2Fcomments&post=15"}],"version-history":[{"count":24,"href":"https:\/\/www.webcam-ost.de\/index.php?rest_route=\/wp\/v2\/pages\/15\/revisions"}],"predecessor-version":[{"id":237,"href":"https:\/\/www.webcam-ost.de\/index.php?rest_route=\/wp\/v2\/pages\/15\/revisions\/237"}],"wp:attachment":[{"href":"https:\/\/www.webcam-ost.de\/index.php?rest_route=%2Fwp%2Fv2%2Fmedia&parent=15"}],"curies":[{"name":"wp","href":"https:\/\/api.w.org\/{rel}","templated":true}]}}