{"id":18,"date":"2013-02-19T14:11:36","date_gmt":"2013-02-19T12:11:36","guid":{"rendered":"https:\/\/www.webcam-ost.de\/?page_id=18"},"modified":"2020-09-22T17:19:36","modified_gmt":"2020-09-22T15:19:36","slug":"home","status":"publish","type":"page","link":"https:\/\/www.webcam-ost.de\/","title":{"rendered":"Home"},"content":{"rendered":"<div><\/div>\n<h2>Herzlich willkommen bei Webcam-Ost!<\/h2>\n<h2>Hast Du keine Lust mehr auf ein leeres Konto&nbsp;oder f\u00fcr zu wenig Geld zu arbeiten?<\/h2>\n<h2>Macht Dir Erotik Spa\u00df, f\u00fchlst Du Dich sexy, zeigst Du Dich gerne und m\u00f6chtest neben&nbsp;Spa\u00df an der Arbeit auch noch gutes Geld verdienen?<\/h2>\n<h2>Dann haben wir jetzt eine Alternative f\u00fcr Dich!<\/h2>\n<h2>Wir als Berlins gr\u00f6\u00dftes Webcam-Studio suchen st\u00e4ndig Verst\u00e4rkung.<\/h2>\n<h2>Dich erwartet ein lockeres Arbeitsklima.<\/h2>\n<h2>Ob als Haupt- oder Nebenverdienst, ist ganz Dir \u00fcberlassen!<\/h2>\n<h2>Es sind Verdienstm\u00f6glichkeiten bei freier Zeiteinteilung zwischen 1000,- und 3000,- EURO realistisch und m\u00f6glich.<\/h2>\n<h2>Sollten wir Dein Interesse geweckt haben und Du bist weiblich, aus Berlin oder Umgebung und mindestens 18 Jahre alt, dann einfach<\/h2>\n<h2><a title=\"Bewerben\" href=\"https:\/\/www.webcam-ost.de\/?page_id=41\"><span style=\"color: #ff0000;\">JETZT BEWERBEN<\/span><\/a><\/h2>\n<h2>und wir antworten Dir pers\u00f6nlich und unverz\u00fcglich.<\/h2>\n<h2>Solltest Du keinerlei Erfahrungen mit dem Computer, Internet und LiveChat haben, bist Du trotzdem herzlich willkommen.<\/h2>\n<h2>Wir bieten Dir einen Arbeitsplatz mit Zukunft!<\/h2>\n<h2>Dein Webcam-Ost Team.<\/h2>\n","protected":false},"excerpt":{"rendered":"<p>Herzlich willkommen bei Webcam-Ost! Hast Du keine Lust mehr auf ein leeres Konto&nbsp;oder f\u00fcr zu wenig Geld zu arbeiten? Macht Dir Erotik Spa\u00df, f\u00fchlst Du Dich sexy, zeigst Du Dich gerne und m\u00f6chtest neben&nbsp;Spa\u00df an der Arbeit auch noch gutes Geld verdienen? Dann haben wir jetzt eine Alternative f\u00fcr Dich! Wir als Berlins gr\u00f6\u00dftes Webcam-Studio&#8230;<\/p>\n","protected":false},"author":2,"featured_media":0,"parent":0,"menu_order":0,"comment_status":"closed","ping_status":"closed","template":"dt-slideshow-sidebar.php","meta":{"spay_email":"","_links_to":"","_links_to_target":""},"_links":{"self":[{"href":"https:\/\/www.webcam-ost.de\/index.php?rest_route=\/wp\/v2\/pages\/18"}],"collection":[{"href":"https:\/\/www.webcam-ost.de\/index.php?rest_route=\/wp\/v2\/pages"}],"about":[{"href":"https:\/\/www.webcam-ost.de\/index.php?rest_route=\/wp\/v2\/types\/page"}],"author":[{"embeddable":true,"href":"https:\/\/www.webcam-ost.de\/index.php?rest_route=\/wp\/v2\/users\/2"}],"replies":[{"embeddable":true,"href":"https:\/\/www.webcam-ost.de\/index.php?rest_route=%2Fwp%2Fv2%2Fcomments&post=18"}],"version-history":[{"count":54,"href":"https:\/\/www.webcam-ost.de\/index.php?rest_route=\/wp\/v2\/pages\/18\/revisions"}],"predecessor-version":[{"id":285,"href":"https:\/\/www.webcam-ost.de\/index.php?rest_route=\/wp\/v2\/pages\/18\/revisions\/285"}],"wp:attachment":[{"href":"https:\/\/www.webcam-ost.de\/index.php?rest_route=%2Fwp%2Fv2%2Fmedia&parent=18"}],"curies":[{"name":"wp","href":"https:\/\/api.w.org\/{rel}","templated":true}]}}